{"id":1010,"date":"2017-05-03T13:33:19","date_gmt":"2017-05-03T11:33:19","guid":{"rendered":"https:\/\/qffm.de\/?page_id=1010"},"modified":"2025-09-25T11:19:53","modified_gmt":"2025-09-25T09:19:53","slug":"imprint","status":"publish","type":"page","link":"https:\/\/qffm.de\/en\/imprint\/","title":{"rendered":"Imprint"},"content":{"rendered":"\n<style type=\"text\/css\" data-created_by=\"avia_inline_auto\" id=\"style-css-av-54yz02-47860df258e5e218b6426cf9910f6385\">\n.flex_column.av-54yz02-47860df258e5e218b6426cf9910f6385{\nborder-radius:0px 0px 0px 0px;\n-webkit-border-radius:0px 0px 0px 0px;\n-moz-border-radius:0px 0px 0px 0px;\n}\n<\/style>\n<div class='flex_column av-54yz02-47860df258e5e218b6426cf9910f6385 av_one_fifth  avia-builder-el-0  el_before_av_three_fifth  avia-builder-el-first  first flex_column_div av-zero-column-padding '   ><\/div>\n\n<style type=\"text\/css\" data-created_by=\"avia_inline_auto\" id=\"style-css-av-f8i5e-4faa642160f90564cceecd313481e26f\">\n.flex_column.av-f8i5e-4faa642160f90564cceecd313481e26f{\nborder-radius:0px 0px 0px 0px;\n-webkit-border-radius:0px 0px 0px 0px;\n-moz-border-radius:0px 0px 0px 0px;\n}\n<\/style>\n<div class='flex_column av-f8i5e-4faa642160f90564cceecd313481e26f av_three_fifth  avia-builder-el-1  el_after_av_one_fifth  el_before_av_one_fifth  flex_column_div av-zero-column-padding '   ><section class=\"av_textblock_section \"  itemscope=\"itemscope\" itemtype=\"https:\/\/schema.org\/CreativeWork\" ><div class='avia_textblock  '   itemprop=\"text\" ><p>Queer Film Festival Munich<br \/>\na Project of QUEER CULTURE e.V.<\/p>\n<p><strong><span id=\"result_box\" class=\"short_text\" lang=\"en\"><span class=\"\">Entries referred to<\/span><\/span> \u00a7 5 TMG<\/strong><br \/>\nQueer Culture e. V.<br \/>\nM\u00fcllerstrasse 14<br \/>\nc\/o SUB<br \/>\n80469 Munich<\/p>\n<p><strong>Board members<\/strong><br \/>\nMattias Fabian, Regine Hader, Korbinian H\u00e4utle<\/p>\n<p><strong>Contact<\/strong><br \/>\nE-Mail: <a href=\"mailto:info@qffm.de\">info@qffm.de<\/a><\/p>\n<p><strong><span id=\"result_box\" class=\"short_text\" lang=\"en\"><span class=\"\">Conception and development<\/span><\/span><\/strong><br \/>\nMarkus Westenhuber<br \/>\n<a href=\"https:\/\/webdesigner-muenchen.de\" target=\"_blank\" rel=\"noopener noreferrer\">webdesigner-muenchen.de<\/a><\/p>\n<p><strong>Haftungsausschluss (Disclaimer)<\/strong><br \/>\n<strong> Haftung f\u00fcr Inhalte<br \/>\n<\/strong>Als Diensteanbieter sind wir gem\u00e4\u00df \u00a7 7 Abs.1 TMG f\u00fcr eigene Inhalte auf diesen Seiten nach den allgemeinen Gesetzen verantwortlich. Nach \u00a7\u00a7 8 bis 10 TMG sind wir als Diensteanbieter jedoch nicht verpflichtet, \u00fcbermittelte oder gespeicherte fremde Informationen zu \u00fcberwachen oder nach Umst\u00e4nden zu forschen, die auf eine rechtswidrige T\u00e4tigkeit hinweisen. Verpflichtungen zur Entfernung oder Sperrung der Nutzung von Informationen nach den allgemeinen Gesetzen bleiben hiervon unber\u00fchrt. Eine diesbez\u00fcgliche Haftung ist jedoch erst ab dem Zeitpunkt der Kenntnis einer konkreten Rechtsverletzung m\u00f6glich. Bei Bekanntwerden von entsprechenden Rechtsverletzungen werden wir diese Inhalte umgehend entfernen.<\/p>\n<p><strong>Haftung f\u00fcr Links<\/strong><br \/>\nUnser Angebot enth\u00e4lt Links zu externen Webseiten Dritter, auf deren Inhalte wir keinen Einfluss haben. Deshalb k\u00f6nnen wir f\u00fcr diese fremden Inhalte auch keine Gew\u00e4hr \u00fcbernehmen. F\u00fcr die Inhalte der verlinkten Seiten ist stets der jeweilige Anbieter oder Betreiber der Seiten verantwortlich. Die verlinkten Seiten wurden zum Zeitpunkt der Verlinkung auf m\u00f6gliche Rechtsverst\u00f6\u00dfe \u00fcberpr\u00fcft. Rechtswidrige Inhalte waren zum Zeitpunkt der Verlinkung nicht erkennbar. Eine permanente inhaltliche Kontrolle der verlinkten Seiten ist jedoch ohne konkrete Anhaltspunkte einer Rechtsverletzung nicht zumutbar. Bei Bekanntwerden von Rechtsverletzungen werden wir derartige Links umgehend entfernen.<\/p>\n<p><strong>Urheberrecht<br \/>\n<\/strong>Die durch die Seitenbetreiber erstellten Inhalte und Werke auf diesen Seiten unterliegen dem deutschen Urheberrecht. Die Vervielf\u00e4ltigung, Bearbeitung, Verbreitung und jede Art der Verwertung au\u00dferhalb der Grenzen des Urheberrechtes bed\u00fcrfen der schriftlichen Zustimmung des jeweiligen Autors bzw. Erstellers. Downloads und Kopien dieser Seite sind nur f\u00fcr den privaten, nicht kommerziellen Gebrauch gestattet. Soweit die Inhalte auf dieser Seite nicht vom Betreiber erstellt wurden, werden die Urheberrechte Dritter beachtet. Insbesondere werden Inhalte Dritter als solche gekennzeichnet. Sollten Sie trotzdem auf eine Urheberrechtsverletzung aufmerksam werden, bitten wir um einen entsprechenden Hinweis. Bei Bekanntwerden von Rechtsverletzungen werden wir derartige Inhalte umgehend entfernen.<br \/>\n<strong><br \/>\n<\/strong><\/p>\n<p>Source: <em><a href=\"http:\/\/www.e-recht24.de\/\" rel=\"nofollow\">http:\/\/www.e-recht24.de<\/a><\/em><\/p>\n<h4 style=\"text-align: center;\"><strong>EIN PROJEKT VON<\/strong><\/h4>\n<p style=\"text-align: center;\"><a href=\"https:\/\/qffm.de\" target=\"_blank\" rel=\"noopener\"><img class=\"aligncenter\" src=\"https:\/\/qffm.de\/wp-content\/uploads\/2017\/01\/queerculture-logo.jpg\" width=\"150\" \/><\/a><br \/>\nQueer Culture e. V.<br \/>\nc\/o SUB<br \/>\nM\u00fcllerstrasse 14<br \/>\n80469 M\u00fcnchen<\/p>\n<\/div><\/section><\/div>\n<style type=\"text\/css\" data-created_by=\"avia_inline_auto\" id=\"style-css-av-1vl5de-3940575dce19acd830fb91e11bdf3fbc\">\n.flex_column.av-1vl5de-3940575dce19acd830fb91e11bdf3fbc{\nborder-radius:0px 0px 0px 0px;\n-webkit-border-radius:0px 0px 0px 0px;\n-moz-border-radius:0px 0px 0px 0px;\n}\n<\/style>\n<div class='flex_column av-1vl5de-3940575dce19acd830fb91e11bdf3fbc av_one_fifth  avia-builder-el-3  el_after_av_three_fifth  avia-builder-el-last  flex_column_div av-zero-column-padding '   ><\/div><\/p>\n","protected":false},"excerpt":{"rendered":"","protected":false},"author":6,"featured_media":0,"parent":0,"menu_order":0,"comment_status":"closed","ping_status":"closed","template":"","meta":[],"yoast_head":"<!-- This site is optimized with the Yoast SEO plugin v17.1 - https:\/\/yoast.com\/wordpress\/plugins\/seo\/ -->\n<title>Imprint - QFFM<\/title>\n<meta name=\"robots\" content=\"index, follow, max-snippet:-1, max-image-preview:large, max-video-preview:-1\" \/>\n<link rel=\"canonical\" href=\"https:\/\/qffm.de\/en\/imprint\/\" \/>\n<meta property=\"og:locale\" content=\"en_US\" \/>\n<meta property=\"og:type\" content=\"article\" \/>\n<meta property=\"og:title\" content=\"Imprint - QFFM\" \/>\n<meta property=\"og:url\" content=\"https:\/\/qffm.de\/en\/imprint\/\" \/>\n<meta property=\"og:site_name\" content=\"QFFM\" \/>\n<meta property=\"article:publisher\" content=\"https:\/\/www.facebook.com\/QueerFilmFest\/\" \/>\n<meta property=\"article:modified_time\" content=\"2025-09-25T09:19:53+00:00\" \/>\n<meta property=\"og:image\" content=\"https:\/\/qffm.de\/wp-content\/uploads\/2017\/01\/queerculture-logo.jpg\" \/>\n<meta name=\"twitter:card\" content=\"summary_large_image\" \/>\n<meta name=\"twitter:label1\" content=\"Est. reading time\" \/>\n\t<meta name=\"twitter:data1\" content=\"3 minutes\" \/>\n<script type=\"application\/ld+json\" class=\"yoast-schema-graph\">{\"@context\":\"https:\/\/schema.org\",\"@graph\":[{\"@type\":\"Organization\",\"@id\":\"https:\/\/qffm.de\/#organization\",\"name\":\"Queer Film Festival M\\u00fcnchen ein Projekt von QUEER CULTURE e.V.\",\"url\":\"https:\/\/qffm.de\/\",\"sameAs\":[\"https:\/\/www.facebook.com\/QueerFilmFest\/\",\"https:\/\/www.instagram.com\/qffmmuenchen\/\"],\"logo\":{\"@type\":\"ImageObject\",\"@id\":\"https:\/\/qffm.de\/#logo\",\"inLanguage\":\"en-US\",\"url\":\"https:\/\/qffm.de\/wp-content\/uploads\/2017\/01\/qffm-logo.png\",\"contentUrl\":\"https:\/\/qffm.de\/wp-content\/uploads\/2017\/01\/qffm-logo.png\",\"width\":1753,\"height\":1240,\"caption\":\"Queer Film Festival M\\u00fcnchen ein Projekt von QUEER CULTURE e.V.\"},\"image\":{\"@id\":\"https:\/\/qffm.de\/#logo\"}},{\"@type\":\"WebSite\",\"@id\":\"https:\/\/qffm.de\/#website\",\"url\":\"https:\/\/qffm.de\/\",\"name\":\"QFFM\",\"description\":\"Queer Film Festival M\\u00fcnchen\",\"publisher\":{\"@id\":\"https:\/\/qffm.de\/#organization\"},\"potentialAction\":[{\"@type\":\"SearchAction\",\"target\":{\"@type\":\"EntryPoint\",\"urlTemplate\":\"https:\/\/qffm.de\/?s={search_term_string}\"},\"query-input\":\"required name=search_term_string\"}],\"inLanguage\":\"en-US\"},{\"@type\":\"ImageObject\",\"@id\":\"https:\/\/qffm.de\/en\/imprint\/#primaryimage\",\"inLanguage\":\"en-US\",\"url\":\"https:\/\/qffm.de\/wp-content\/uploads\/2017\/01\/queerculture-logo.jpg\",\"contentUrl\":\"https:\/\/qffm.de\/wp-content\/uploads\/2017\/01\/queerculture-logo.jpg\",\"width\":250,\"height\":250},{\"@type\":\"WebPage\",\"@id\":\"https:\/\/qffm.de\/en\/imprint\/#webpage\",\"url\":\"https:\/\/qffm.de\/en\/imprint\/\",\"name\":\"Imprint - QFFM\",\"isPartOf\":{\"@id\":\"https:\/\/qffm.de\/#website\"},\"primaryImageOfPage\":{\"@id\":\"https:\/\/qffm.de\/en\/imprint\/#primaryimage\"},\"datePublished\":\"2017-05-03T11:33:19+00:00\",\"dateModified\":\"2025-09-25T09:19:53+00:00\",\"breadcrumb\":{\"@id\":\"https:\/\/qffm.de\/en\/imprint\/#breadcrumb\"},\"inLanguage\":\"en-US\",\"potentialAction\":[{\"@type\":\"ReadAction\",\"target\":[\"https:\/\/qffm.de\/en\/imprint\/\"]}]},{\"@type\":\"BreadcrumbList\",\"@id\":\"https:\/\/qffm.de\/en\/imprint\/#breadcrumb\",\"itemListElement\":[{\"@type\":\"ListItem\",\"position\":1,\"name\":\"Startseite\",\"item\":\"https:\/\/qffm.de\/en\/\"},{\"@type\":\"ListItem\",\"position\":2,\"name\":\"Imprint\"}]}]}<\/script>\n<!-- \/ Yoast SEO plugin. -->","yoast_head_json":{"title":"Imprint - QFFM","robots":{"index":"index","follow":"follow","max-snippet":"max-snippet:-1","max-image-preview":"max-image-preview:large","max-video-preview":"max-video-preview:-1"},"canonical":"https:\/\/qffm.de\/en\/imprint\/","og_locale":"en_US","og_type":"article","og_title":"Imprint - QFFM","og_url":"https:\/\/qffm.de\/en\/imprint\/","og_site_name":"QFFM","article_publisher":"https:\/\/www.facebook.com\/QueerFilmFest\/","article_modified_time":"2025-09-25T09:19:53+00:00","og_image":[{"url":"https:\/\/qffm.de\/wp-content\/uploads\/2017\/01\/queerculture-logo.jpg"}],"twitter_card":"summary_large_image","twitter_misc":{"Est. reading time":"3 minutes"},"schema":{"@context":"https:\/\/schema.org","@graph":[{"@type":"Organization","@id":"https:\/\/qffm.de\/#organization","name":"Queer Film Festival M\u00fcnchen ein Projekt von QUEER CULTURE e.V.","url":"https:\/\/qffm.de\/","sameAs":["https:\/\/www.facebook.com\/QueerFilmFest\/","https:\/\/www.instagram.com\/qffmmuenchen\/"],"logo":{"@type":"ImageObject","@id":"https:\/\/qffm.de\/#logo","inLanguage":"en-US","url":"https:\/\/qffm.de\/wp-content\/uploads\/2017\/01\/qffm-logo.png","contentUrl":"https:\/\/qffm.de\/wp-content\/uploads\/2017\/01\/qffm-logo.png","width":1753,"height":1240,"caption":"Queer Film Festival M\u00fcnchen ein Projekt von QUEER CULTURE e.V."},"image":{"@id":"https:\/\/qffm.de\/#logo"}},{"@type":"WebSite","@id":"https:\/\/qffm.de\/#website","url":"https:\/\/qffm.de\/","name":"QFFM","description":"Queer Film Festival M\u00fcnchen","publisher":{"@id":"https:\/\/qffm.de\/#organization"},"potentialAction":[{"@type":"SearchAction","target":{"@type":"EntryPoint","urlTemplate":"https:\/\/qffm.de\/?s={search_term_string}"},"query-input":"required name=search_term_string"}],"inLanguage":"en-US"},{"@type":"ImageObject","@id":"https:\/\/qffm.de\/en\/imprint\/#primaryimage","inLanguage":"en-US","url":"https:\/\/qffm.de\/wp-content\/uploads\/2017\/01\/queerculture-logo.jpg","contentUrl":"https:\/\/qffm.de\/wp-content\/uploads\/2017\/01\/queerculture-logo.jpg","width":250,"height":250},{"@type":"WebPage","@id":"https:\/\/qffm.de\/en\/imprint\/#webpage","url":"https:\/\/qffm.de\/en\/imprint\/","name":"Imprint - QFFM","isPartOf":{"@id":"https:\/\/qffm.de\/#website"},"primaryImageOfPage":{"@id":"https:\/\/qffm.de\/en\/imprint\/#primaryimage"},"datePublished":"2017-05-03T11:33:19+00:00","dateModified":"2025-09-25T09:19:53+00:00","breadcrumb":{"@id":"https:\/\/qffm.de\/en\/imprint\/#breadcrumb"},"inLanguage":"en-US","potentialAction":[{"@type":"ReadAction","target":["https:\/\/qffm.de\/en\/imprint\/"]}]},{"@type":"BreadcrumbList","@id":"https:\/\/qffm.de\/en\/imprint\/#breadcrumb","itemListElement":[{"@type":"ListItem","position":1,"name":"Startseite","item":"https:\/\/qffm.de\/en\/"},{"@type":"ListItem","position":2,"name":"Imprint"}]}]}},"_links":{"self":[{"href":"https:\/\/qffm.de\/en\/wp-json\/wp\/v2\/pages\/1010"}],"collection":[{"href":"https:\/\/qffm.de\/en\/wp-json\/wp\/v2\/pages"}],"about":[{"href":"https:\/\/qffm.de\/en\/wp-json\/wp\/v2\/types\/page"}],"author":[{"embeddable":true,"href":"https:\/\/qffm.de\/en\/wp-json\/wp\/v2\/users\/6"}],"replies":[{"embeddable":true,"href":"https:\/\/qffm.de\/en\/wp-json\/wp\/v2\/comments?post=1010"}],"version-history":[{"count":7,"href":"https:\/\/qffm.de\/en\/wp-json\/wp\/v2\/pages\/1010\/revisions"}],"predecessor-version":[{"id":7532,"href":"https:\/\/qffm.de\/en\/wp-json\/wp\/v2\/pages\/1010\/revisions\/7532"}],"wp:attachment":[{"href":"https:\/\/qffm.de\/en\/wp-json\/wp\/v2\/media?parent=1010"}],"curies":[{"name":"wp","href":"https:\/\/api.w.org\/{rel}","templated":true}]}}